{"id":324,"date":"2015-11-12T15:26:23","date_gmt":"2015-11-12T14:26:23","guid":{"rendered":"http:\/\/christelle.fargue.com\/?page_id=324"},"modified":"2025-12-23T11:11:29","modified_gmt":"2025-12-23T10:11:29","slug":"expositions","status":"publish","type":"page","link":"https:\/\/christelle.fargue.com\/?page_id=324","title":{"rendered":"Expositions"},"content":{"rendered":"<p><a href=\"https:\/\/christelle.fargue.com\/wp-content\/uploads\/2015\/11\/3-tableaux-expo-BD1.jpg\"><img loading=\"lazy\" decoding=\"async\" class=\"aligncenter size-full wp-image-419\" src=\"https:\/\/christelle.fargue.com\/wp-content\/uploads\/2015\/11\/3-tableaux-expo-BD1.jpg\" alt=\"3 tableaux expo BD\" width=\"972\" height=\"465\" srcset=\"https:\/\/christelle.fargue.com\/wp-content\/uploads\/2015\/11\/3-tableaux-expo-BD1.jpg 972w, https:\/\/christelle.fargue.com\/wp-content\/uploads\/2015\/11\/3-tableaux-expo-BD1-223x107.jpg 223w, https:\/\/christelle.fargue.com\/wp-content\/uploads\/2015\/11\/3-tableaux-expo-BD1-300x144.jpg 300w\" sizes=\"auto, (max-width: 972px) 100vw, 972px\" \/><\/a><\/p>\n<h5><span style=\"color: #993300;\"><strong>2016<\/strong><\/span><\/h5>\n<p>\u2022 Le Studio &#8211; 1, rue Michel Berger &#8211; Limours (91)<br \/>\n\u2022 Remix &#8211; 12, rue des Fontaines du Temple &#8211; Paris (75)<br \/>\n\u2022 Espace Saint-Exup\u00e9ry &#8211; 9, avenue\u00a0de Flandre &#8211; Viry-Ch\u00e2tillon (91)<\/p>\n<h5><span style=\"color: #993300;\"><strong>2017<\/strong><\/span><\/h5>\n<p>\u2022 Sainte-Madeleine\u00a0&#8211; Les Moli\u00e8res\u00a0(91)<\/p>\n<h5><span style=\"color: #993300;\"><strong>2021<\/strong><\/span><\/h5>\n<p>\u2022 Centre Saint-Jean &#8211; Rue Barra &#8211; Angers (49)<\/p>\n<h5><span style=\"color: #993300;\"><strong>2022<\/strong><\/span><\/h5>\n<p>\u2022 Salon Arts &amp; Saveurs &#8211; Angers (49)<\/p>\n<h5><span style=\"color: #993300;\"><strong>2023<\/strong><\/span><\/h5>\n<p>\u2022 Journ\u00e9es Europ\u00e9ennes des M\u00e9tiers d&rsquo;Art &#8211; Rue des Ponts-de-C\u00e9 &#8211; Angers (49)<br \/>\n\u2022 Journ\u00e9es du Patrimoine &#8211; Ch\u00e2teau de Serrant &#8211; Saint-Georges-sur-Loire (49)<\/p>\n<h5><span style=\"color: #993300;\"><strong>2024<\/strong><\/span><\/h5>\n<p>\u2022 Journ\u00e9es Europ\u00e9ennes des M\u00e9tiers d&rsquo;Art &#8211; H\u00f4tel de ville &#8211; Saint-Georges-sur-Loire (49)<br \/>\n\u2022 Journ\u00e9es du Patrimoine &#8211; Ch\u00e2teau de Serrant &#8211; Saint-Georges-sur-Loire (49)<br \/>\n\u2022 March\u00e9 m\u00e9tiers d&rsquo;art &#8211; Centre St-Jean &#8211; Rue Barra &#8211; Angers (49)<br \/>\n\u2022 March\u00e9 m\u00e9tiers d&rsquo;art &#8211; Rue St-L\u00e9onard &#8211; Angers (49)<\/p>\n<h5><span style=\"color: #993300;\"><strong>2025<\/strong><\/span><\/h5>\n<p>\u2022 March\u00e9 m\u00e9tiers d&rsquo;art &#8211; Rue St-L\u00e9onard &#8211; Angers (49)<\/p>\n","protected":false},"excerpt":{"rendered":"<p>2016 \u2022 Le Studio &#8211; 1, rue Michel Berger &#8211; Limours (91) \u2022 Remix &#8211; 12, rue des Fontaines du Temple &#8211; Paris (75) \u2022 Espace Saint-Exup\u00e9ry &#8211; 9, avenue\u00a0de Flandre &#8211; Viry-Ch\u00e2tillon (91) 2017 \u2022 Sainte-Madeleine\u00a0&#8211; Les Moli\u00e8res\u00a0(91) 2021 \u2022 Centre Saint-Jean &#8211; Rue Barra &#8211; Angers (49) 2022 \u2022 Salon Arts &amp; Saveurs [&hellip;]<\/p>\n","protected":false},"author":1,"featured_media":0,"parent":0,"menu_order":0,"comment_status":"closed","ping_status":"open","template":"","meta":{"footnotes":""},"class_list":["post-324","page","type-page","status-publish","hentry"],"_links":{"self":[{"href":"https:\/\/christelle.fargue.com\/index.php?rest_route=\/wp\/v2\/pages\/324","targetHints":{"allow":["GET"]}}],"collection":[{"href":"https:\/\/christelle.fargue.com\/index.php?rest_route=\/wp\/v2\/pages"}],"about":[{"href":"https:\/\/christelle.fargue.com\/index.php?rest_route=\/wp\/v2\/types\/page"}],"author":[{"embeddable":true,"href":"https:\/\/christelle.fargue.com\/index.php?rest_route=\/wp\/v2\/users\/1"}],"replies":[{"embeddable":true,"href":"https:\/\/christelle.fargue.com\/index.php?rest_route=%2Fwp%2Fv2%2Fcomments&post=324"}],"version-history":[{"count":15,"href":"https:\/\/christelle.fargue.com\/index.php?rest_route=\/wp\/v2\/pages\/324\/revisions"}],"predecessor-version":[{"id":1027,"href":"https:\/\/christelle.fargue.com\/index.php?rest_route=\/wp\/v2\/pages\/324\/revisions\/1027"}],"wp:attachment":[{"href":"https:\/\/christelle.fargue.com\/index.php?rest_route=%2Fwp%2Fv2%2Fmedia&parent=324"}],"curies":[{"name":"wp","href":"https:\/\/api.w.org\/{rel}","templated":true}]}}